{"id":8574,"date":"2022-12-07T09:45:24","date_gmt":"2022-12-07T09:45:24","guid":{"rendered":"https:\/\/eloquent-meninsky.82-223-217-161.plesk.page\/?page_id=8574"},"modified":"2026-03-21T18:23:59","modified_gmt":"2026-03-21T18:23:59","slug":"ortopedia","status":"publish","type":"page","link":"https:\/\/farmaciacarrermajor.es\/index.php\/ortopedia\/","title":{"rendered":"Ortopedia"},"content":{"rendered":"\t\t<div data-elementor-type=\"wp-page\" data-elementor-id=\"8574\" class=\"elementor elementor-8574\">\n\t\t\t\t\t\t\t\t\t<section class=\"elementor-section elementor-top-section elementor-element elementor-element-b8ec2fb elementor-section-full_width elementor-section-height-min-height elementor-section-content-middle elementor-section-stretched elementor-section-height-default elementor-section-items-middle\" data-id=\"b8ec2fb\" data-element_type=\"section\" data-settings=\"{&quot;stretch_section&quot;:&quot;section-stretched&quot;,&quot;background_background&quot;:&quot;classic&quot;}\">\n\t\t\t\t\t\t<div class=\"elementor-container elementor-column-gap-no\">\n\t\t\t\t\t<div class=\"elementor-column elementor-col-100 elementor-top-column elementor-element elementor-element-5f6859b\" data-id=\"5f6859b\" data-element_type=\"column\">\n\t\t\t<div class=\"elementor-widget-wrap elementor-element-populated\">\n\t\t\t\t\t\t\t\t<div class=\"elementor-element elementor-element-50e2c16 elementor-position-center elementor-widget-mobile__width-initial elementor-position-below elementor-widget elementor-widget-heading\" data-id=\"50e2c16\" data-element_type=\"widget\" data-widget_type=\"heading.default\">\n\t\t\t\t<div class=\"elementor-widget-container\">\n\t\t\t<style>\/*! elementor - v3.12.1 - 02-04-2023 *\/\n.elementor-heading-title{padding:0;margin:0;line-height:1}.elementor-widget-heading .elementor-heading-title[class*=elementor-size-]>a{color:inherit;font-size:inherit;line-height:inherit}.elementor-widget-heading .elementor-heading-title.elementor-size-small{font-size:15px}.elementor-widget-heading .elementor-heading-title.elementor-size-medium{font-size:19px}.elementor-widget-heading .elementor-heading-title.elementor-size-large{font-size:29px}.elementor-widget-heading .elementor-heading-title.elementor-size-xl{font-size:39px}.elementor-widget-heading .elementor-heading-title.elementor-size-xxl{font-size:59px}<\/style><div class=\"elementor-heading-wrapper\" ><div class=\"elementor-heading-wrapper-inner\"><h1 class=\"elementor-heading-title elementor-size-default\">Servicio de Ortopedia<\/h1><span class=\"sub-title\">completo y a tu alcance<\/span><\/div><\/div>\t\t<\/div>\n\t\t\t\t<\/div>\n\t\t\t\t<div class=\"elementor-element elementor-element-0b1d0e0 elementor-align-center elementor-button-primary elementor-widget elementor-widget-button\" data-id=\"0b1d0e0\" data-element_type=\"widget\" data-widget_type=\"button.default\">\n\t\t\t\t<div class=\"elementor-widget-container\">\n\t\t\t        <div class=\"elementor-button-wrapper\">\n            <a href=\"https:\/\/farmaciacarrermajor.es\/index.php\/contacto\/\" class=\"elementor-button-link elementor-button elementor-size-lg\" role=\"button\">\n                        <span class=\"elementor-button-content-wrapper\">\n\t\t\t            <span class=\"elementor-button-text\">Cons\u00faltanos<\/span>\n\t\t<\/span>\n\n\n                <\/a>\n        <\/div>\n        \t\t<\/div>\n\t\t\t\t<\/div>\n\t\t\t\t\t<\/div>\n\t\t<\/div>\n\t\t\t\t\t\t\t<\/div>\n\t\t<\/section>\n\t\t\t\t<section class=\"elementor-section elementor-top-section elementor-element elementor-element-7e4ebe6 elementor-section-stretched elementor-section-boxed elementor-section-height-default elementor-section-height-default\" data-id=\"7e4ebe6\" data-element_type=\"section\" data-settings=\"{&quot;stretch_section&quot;:&quot;section-stretched&quot;}\">\n\t\t\t\t\t\t<div class=\"elementor-container elementor-column-gap-no\">\n\t\t\t\t\t<div class=\"elementor-column elementor-col-100 elementor-top-column elementor-element elementor-element-7193966\" data-id=\"7193966\" data-element_type=\"column\">\n\t\t\t<div class=\"elementor-widget-wrap elementor-element-populated\">\n\t\t\t\t\t\t\t\t<div class=\"elementor-element elementor-element-645f4ad elementor-position-center elementor-position-below elementor-widget elementor-widget-heading\" data-id=\"645f4ad\" data-element_type=\"widget\" data-widget_type=\"heading.default\">\n\t\t\t\t<div class=\"elementor-widget-container\">\n\t\t\t<div class=\"elementor-heading-wrapper\" ><div class=\"elementor-heading-wrapper-inner\"><h2 class=\"elementor-heading-title elementor-size-default\">Un servicio de ortopedia pensando para tus necesidades\n<\/h2><span class=\"sub-title\">Amplia gama de productos ortop\u00e9dicos para la prevenci\u00f3n, rehabilitaci\u00f3n y tratamiento de m\u00e1xima calidad.<\/span><\/div><\/div>\t\t<\/div>\n\t\t\t\t<\/div>\n\t\t\t\t<section class=\"elementor-section elementor-inner-section elementor-element elementor-element-8152672 elementor-section-boxed elementor-section-height-default elementor-section-height-default\" data-id=\"8152672\" data-element_type=\"section\">\n\t\t\t\t\t\t<div class=\"elementor-container elementor-column-gap-no\">\n\t\t\t\t\t<div class=\"elementor-column elementor-col-100 elementor-inner-column elementor-element elementor-element-030011c\" data-id=\"030011c\" data-element_type=\"column\">\n\t\t\t<div class=\"elementor-widget-wrap elementor-element-populated\">\n\t\t\t\t\t\t\t\t<div class=\"elementor-element elementor-element-1c05b93 elementor-icon-bg-yes elementor-button-default elementor-widget elementor-widget-featured-box\" data-id=\"1c05b93\" data-element_type=\"widget\" data-widget_type=\"featured-box.default\">\n\t\t\t\t<div class=\"elementor-widget-container\">\n\t\t\t<div class=\"elementor-featured-box-wrapper\"><div class=\"elementor-featured-box-top\"><div class=\"elementor-featured-box-icon\"><i class=\"opal-icon-insurance\" aria-hidden=\"true\" ><\/i><\/div><\/div><div class=\"elementor-featured-box-bottom\"><h3 class=\"elementor-featured-box-title typo-heading\">Atenci\u00f3n, calidad y compromiso<\/h3><p class=\"elementor-featured-box-description\">Nuestra experiencia en ortopedia ofrece una amplia gama de productos ortop\u00e9dicos para la prevenci\u00f3n, rehabilitaci\u00f3n y tratamiento.\nTe ofrecemos atenci\u00f3n personalizada y profesional, pr\u00f3xima y de calidad.\nNuestro compromiso es tu salud y bienestar.<\/p><\/div><\/div>\t\t<\/div>\n\t\t\t\t<\/div>\n\t\t\t\t\t<\/div>\n\t\t<\/div>\n\t\t\t\t\t\t\t<\/div>\n\t\t<\/section>\n\t\t\t\t\t<\/div>\n\t\t<\/div>\n\t\t\t\t\t\t\t<\/div>\n\t\t<\/section>\n\t\t\t\t<section class=\"elementor-section elementor-top-section elementor-element elementor-element-ce386d0 elementor-section-stretched elementor-section-boxed elementor-section-height-default elementor-section-height-default\" data-id=\"ce386d0\" data-element_type=\"section\" data-settings=\"{&quot;stretch_section&quot;:&quot;section-stretched&quot;,&quot;background_background&quot;:&quot;classic&quot;}\">\n\t\t\t\t\t\t<div class=\"elementor-container elementor-column-gap-no\">\n\t\t\t\t\t<div class=\"elementor-column elementor-col-50 elementor-top-column elementor-element elementor-element-987285e\" data-id=\"987285e\" data-element_type=\"column\">\n\t\t\t<div class=\"elementor-widget-wrap elementor-element-populated\">\n\t\t\t\t\t\t\t\t<div class=\"elementor-element elementor-element-6a0c7fe elementor-widget elementor-widget-image\" data-id=\"6a0c7fe\" data-element_type=\"widget\" data-widget_type=\"image.default\">\n\t\t\t\t<div class=\"elementor-widget-container\">\n\t\t\t<style>\/*! elementor - v3.12.1 - 02-04-2023 *\/\n.elementor-widget-image{text-align:center}.elementor-widget-image a{display:inline-block}.elementor-widget-image a img[src$=\".svg\"]{width:48px}.elementor-widget-image img{vertical-align:middle;display:inline-block}<\/style>\t\t\t\t\t\t\t\t\t\t\t\t<img loading=\"lazy\" decoding=\"async\" width=\"556\" height=\"417\" src=\"https:\/\/farmaciacarrermajor.es\/wp-content\/uploads\/2022\/12\/productos_ortopedia.jpg\" class=\"attachment-large size-large wp-image-8582\" alt=\"\" srcset=\"https:\/\/farmaciacarrermajor.es\/wp-content\/uploads\/2022\/12\/productos_ortopedia.jpg 556w, https:\/\/farmaciacarrermajor.es\/wp-content\/uploads\/2022\/12\/productos_ortopedia-300x225.jpg 300w\" sizes=\"auto, (max-width: 556px) 100vw, 556px\" \/>\t\t\t\t\t\t\t\t\t\t\t\t\t\t\t<\/div>\n\t\t\t\t<\/div>\n\t\t\t\t\t<\/div>\n\t\t<\/div>\n\t\t\t\t<div class=\"elementor-column elementor-col-50 elementor-top-column elementor-element elementor-element-bfd310e\" data-id=\"bfd310e\" data-element_type=\"column\">\n\t\t\t<div class=\"elementor-widget-wrap elementor-element-populated\">\n\t\t\t\t\t\t\t\t<div class=\"elementor-element elementor-element-baf266d elementor-position-left elementor-position-below elementor-widget elementor-widget-heading\" data-id=\"baf266d\" data-element_type=\"widget\" data-widget_type=\"heading.default\">\n\t\t\t\t<div class=\"elementor-widget-container\">\n\t\t\t<div class=\"elementor-heading-wrapper\" ><div class=\"elementor-heading-wrapper-inner\"><h2 class=\"elementor-heading-title elementor-size-default\">Una gran variedad de soluciones y productos\n<\/h2><\/div><\/div>\t\t<\/div>\n\t\t\t\t<\/div>\n\t\t\t\t<div class=\"elementor-element elementor-element-ae9004c elementor-position-left elementor-position-below elementor-widget elementor-widget-heading\" data-id=\"ae9004c\" data-element_type=\"widget\" data-widget_type=\"heading.default\">\n\t\t\t\t<div class=\"elementor-widget-container\">\n\t\t\t<div class=\"elementor-heading-wrapper\" ><div class=\"elementor-heading-wrapper-inner\"><h5 class=\"elementor-heading-title elementor-size-default\">Ll\u00e1manos para reservar una cita<\/h5><\/div><\/div>\t\t<\/div>\n\t\t\t\t<\/div>\n\t\t\t\t<div class=\"elementor-element elementor-element-c5be743 elementor-widget elementor-widget-text-editor\" data-id=\"c5be743\" data-element_type=\"widget\" data-widget_type=\"text-editor.default\">\n\t\t\t\t<div class=\"elementor-widget-container\">\n\t\t\t<style>\/*! elementor - v3.12.1 - 02-04-2023 *\/\n.elementor-widget-text-editor.elementor-drop-cap-view-stacked .elementor-drop-cap{background-color:#69727d;color:#fff}.elementor-widget-text-editor.elementor-drop-cap-view-framed .elementor-drop-cap{color:#69727d;border:3px solid;background-color:transparent}.elementor-widget-text-editor:not(.elementor-drop-cap-view-default) .elementor-drop-cap{margin-top:8px}.elementor-widget-text-editor:not(.elementor-drop-cap-view-default) .elementor-drop-cap-letter{width:1em;height:1em}.elementor-widget-text-editor .elementor-drop-cap{float:left;text-align:center;line-height:1;font-size:50px}.elementor-widget-text-editor .elementor-drop-cap-letter{display:inline-block}<\/style>        <div class=\"elementor-text-editor elementor-clearfix\"><ul class=\"lista-ortopedia\"><li>\u00a0Ayudas t\u00e9cnicas: sillas de ruedas, andadores, scooters electricos&#8230;<\/li><li>Ayudas aseo personal: sillas de ba\u00f1o fijas y giratorias&#8230;<\/li><li>Ayudas para la alimentaci\u00f3n<\/li><li>Rehabilitaci\u00f3n<\/li><li>Electromedicina: Tensi\u00f3metros, electroestimuladores, pulsiox\u00edmetros&#8230;<\/li><li>Ort\u00e9sis: collarines, rodilleras, fajas&#8230;<\/li><\/ul><\/div>\n        \t\t<\/div>\n\t\t\t\t<\/div>\n\t\t\t\t<div class=\"elementor-element elementor-element-df4fb56 elementor-align-left elementor-button-link elementor-widget elementor-widget-button\" data-id=\"df4fb56\" data-element_type=\"widget\" data-widget_type=\"button.default\">\n\t\t\t\t<div class=\"elementor-widget-container\">\n\t\t\t        <div class=\"elementor-button-wrapper\">\n            <a href=\"https:\/\/farmaciacarrermajor.es\/index.php\/contacto\/\" class=\"elementor-button-link elementor-button elementor-size-sm\" role=\"button\">\n                        <span class=\"elementor-button-content-wrapper\">\n\t\t\t                <span class=\"elementor-button-icon elementor-align-icon-left\">\n\t\t\t\t<i class=\"fa opal-icon-next\" aria-hidden=\"true\"><\/i>\n\t\t\t<\/span>\n                        <span class=\"elementor-button-text\">Pide ya tu cita<\/span>\n\t\t<\/span>\n\n\n                <\/a>\n        <\/div>\n        \t\t<\/div>\n\t\t\t\t<\/div>\n\t\t\t\t\t<\/div>\n\t\t<\/div>\n\t\t\t\t\t\t\t<\/div>\n\t\t<\/section>\n\t\t\t\t\t\t\t<\/div>\n\t\t","protected":false},"excerpt":{"rendered":"<p>Servicio de Ortopedia completo y a tu alcance Cons\u00faltanos Un servicio de ortopedia pensando para tus necesidades Amplia gama de productos ortop\u00e9dicos para la prevenci\u00f3n, rehabilitaci\u00f3n y tratamiento de m\u00e1xima calidad. Atenci\u00f3n, calidad y compromiso Nuestra experiencia en ortopedia ofrece una amplia gama de productos ortop\u00e9dicos para la prevenci\u00f3n, rehabilitaci\u00f3n y tratamiento. Te ofrecemos atenci\u00f3n &hellip; <\/p>\n<p class=\"more-link-wrap\"><a href=\"https:\/\/farmaciacarrermajor.es\/index.php\/ortopedia\/\" class=\"more-link\"><i class=\"opal-icon-plus\" aria-hidden=\"true\"><\/i><span>Read More<span class=\"screen-reader-text\"> \u00abOrtopedia\u00bb<\/span><\/span><\/a><\/p>\n","protected":false},"author":1,"featured_media":0,"parent":0,"menu_order":0,"comment_status":"closed","ping_status":"closed","template":"page-elementor.php","meta":{"inline_featured_image":false,"footnotes":""},"class_list":["post-8574","page","type-page","status-publish","hentry"],"_links":{"self":[{"href":"https:\/\/farmaciacarrermajor.es\/index.php\/wp-json\/wp\/v2\/pages\/8574","targetHints":{"allow":["GET"]}}],"collection":[{"href":"https:\/\/farmaciacarrermajor.es\/index.php\/wp-json\/wp\/v2\/pages"}],"about":[{"href":"https:\/\/farmaciacarrermajor.es\/index.php\/wp-json\/wp\/v2\/types\/page"}],"author":[{"embeddable":true,"href":"https:\/\/farmaciacarrermajor.es\/index.php\/wp-json\/wp\/v2\/users\/1"}],"replies":[{"embeddable":true,"href":"https:\/\/farmaciacarrermajor.es\/index.php\/wp-json\/wp\/v2\/comments?post=8574"}],"version-history":[{"count":13,"href":"https:\/\/farmaciacarrermajor.es\/index.php\/wp-json\/wp\/v2\/pages\/8574\/revisions"}],"predecessor-version":[{"id":9204,"href":"https:\/\/farmaciacarrermajor.es\/index.php\/wp-json\/wp\/v2\/pages\/8574\/revisions\/9204"}],"wp:attachment":[{"href":"https:\/\/farmaciacarrermajor.es\/index.php\/wp-json\/wp\/v2\/media?parent=8574"}],"curies":[{"name":"wp","href":"https:\/\/api.w.org\/{rel}","templated":true}]}}