{"id":8650,"date":"2022-12-12T14:57:51","date_gmt":"2022-12-12T14:57:51","guid":{"rendered":"https:\/\/eloquent-meninsky.82-223-217-161.plesk.page\/?page_id=8650"},"modified":"2026-03-21T17:23:11","modified_gmt":"2026-03-21T17:23:11","slug":"equipo","status":"publish","type":"page","link":"https:\/\/farmaciacarrermajor.es\/index.php\/equipo\/","title":{"rendered":"EQUIPO"},"content":{"rendered":"\t\t<div data-elementor-type=\"wp-page\" data-elementor-id=\"8650\" class=\"elementor elementor-8650\">\n\t\t\t\t\t\t\t\t\t<section class=\"elementor-section elementor-top-section elementor-element elementor-element-ebe77e9 elementor-section-boxed elementor-section-height-default elementor-section-height-default\" data-id=\"ebe77e9\" data-element_type=\"section\">\n\t\t\t\t\t\t<div class=\"elementor-container elementor-column-gap-default\">\n\t\t\t\t\t<div class=\"elementor-column elementor-col-50 elementor-top-column elementor-element elementor-element-f0d3815\" data-id=\"f0d3815\" data-element_type=\"column\">\n\t\t\t<div class=\"elementor-widget-wrap elementor-element-populated\">\n\t\t\t\t\t\t\t\t<div class=\"elementor-element elementor-element-52f9569 elementor-widget elementor-widget-image\" data-id=\"52f9569\" data-element_type=\"widget\" data-widget_type=\"image.default\">\n\t\t\t\t<div class=\"elementor-widget-container\">\n\t\t\t<style>\/*! elementor - v3.12.1 - 02-04-2023 *\/\n.elementor-widget-image{text-align:center}.elementor-widget-image a{display:inline-block}.elementor-widget-image a img[src$=\".svg\"]{width:48px}.elementor-widget-image img{vertical-align:middle;display:inline-block}<\/style>\t\t\t\t\t\t\t\t\t\t\t\t<img loading=\"lazy\" decoding=\"async\" width=\"800\" height=\"1067\" src=\"https:\/\/farmaciacarrermajor.es\/wp-content\/uploads\/2023\/02\/santiago_.jpg\" class=\"attachment-full size-full wp-image-8670\" alt=\"\" srcset=\"https:\/\/farmaciacarrermajor.es\/wp-content\/uploads\/2023\/02\/santiago_.jpg 800w, https:\/\/farmaciacarrermajor.es\/wp-content\/uploads\/2023\/02\/santiago_-225x300.jpg 225w, https:\/\/farmaciacarrermajor.es\/wp-content\/uploads\/2023\/02\/santiago_-768x1024.jpg 768w, https:\/\/farmaciacarrermajor.es\/wp-content\/uploads\/2023\/02\/santiago_-700x934.jpg 700w\" sizes=\"auto, (max-width: 800px) 100vw, 800px\" \/>\t\t\t\t\t\t\t\t\t\t\t\t\t\t\t<\/div>\n\t\t\t\t<\/div>\n\t\t\t\t\t<\/div>\n\t\t<\/div>\n\t\t\t\t<div class=\"elementor-column elementor-col-50 elementor-top-column elementor-element elementor-element-21feb7c\" data-id=\"21feb7c\" data-element_type=\"column\">\n\t\t\t<div class=\"elementor-widget-wrap elementor-element-populated\">\n\t\t\t\t\t\t\t\t<div class=\"elementor-element elementor-element-2343da8 elementor-widget elementor-widget-text-editor\" data-id=\"2343da8\" data-element_type=\"widget\" data-widget_type=\"text-editor.default\">\n\t\t\t\t<div class=\"elementor-widget-container\">\n\t\t\t<style>\/*! elementor - v3.12.1 - 02-04-2023 *\/\n.elementor-widget-text-editor.elementor-drop-cap-view-stacked .elementor-drop-cap{background-color:#69727d;color:#fff}.elementor-widget-text-editor.elementor-drop-cap-view-framed .elementor-drop-cap{color:#69727d;border:3px solid;background-color:transparent}.elementor-widget-text-editor:not(.elementor-drop-cap-view-default) .elementor-drop-cap{margin-top:8px}.elementor-widget-text-editor:not(.elementor-drop-cap-view-default) .elementor-drop-cap-letter{width:1em;height:1em}.elementor-widget-text-editor .elementor-drop-cap{float:left;text-align:center;line-height:1;font-size:50px}.elementor-widget-text-editor .elementor-drop-cap-letter{display:inline-block}<\/style>        <div class=\"elementor-text-editor elementor-clearfix\"><h4>Santiago<\/h4>\n<strong>Farmac\u00e9utico titular.<\/strong><br>\nSantiago es farmac\u00e9utico titular de la Farmacia Carrer Major.<br>\n\nDoctor en Farmacia y especialista en Ortopedia. M\u00e1ster en Atenci\u00f3n Farmac\u00e9utica y Farmacia Asistencial y\n\nDiplomado en Sanidad y Salud P\u00fablica. Una fuente de sabidur\u00eda en toda regla que sin duda sabr\u00e1 solucionar tus\n\nproblemas de salud.\n<h5>Publicaciones:<\/h5>\n<ul>\n \t<li>Puchol Engu\u00eddanos SV, Sanahuja Santaf\u00e9 MA, Mart\u00ednez Sol\u00eds I, Beltr\u00e1n Sanz V. Properties of four herbal remedies\ntraditionally used to treat anxiety. Basic &amp; Clinical Pharmacology &amp; Toxicology (2011).<\/li>\n \t<li>Puchol Engu\u00eddanos SV, Mart\u00ednez Sol\u00eds I, Sanahuja Santaf\u00e9 A, Beltr\u00e1n Sanz V. Protocol for dispensing before the\ndemand of the antidepressant. Pharmaceutical Care (2010).<\/li>\n \t<li>Puchol S, Sanahuja Santafe MA, L\u00e1zaro Gimeno D, Martinez Solis I. Aspectos a tener en cuenta en la utilizaci\u00f3n\nde Hypericum perforatum L. Revista de Fitoterapia (2009).<\/li>\n \t<li>Puchol Enguidanos SV,Beltr\u00e1n Sanz V, Tomas Safont C, Mi\u00f1ana Gimeno JB, Ferrer Llusar JB. Influencia de la dieta\nhipos\u00f3dica en el paciente hipertenso. Pharmaceutical Care Espa\u00f1a (2009).<\/li>\n \t<li>Poyatos Genov\u00e9s T, Puchol Engu\u00eddanos SV, Beltr\u00e1n Sanz V y col. Manejo de gluc\u00f3metros: detecci\u00f3n de errores e\nintervenci\u00f3n farmac\u00e9utica. farmac\u00e9uticos comunitarios (2010).<\/li>\n<\/ul><\/div>\n        \t\t<\/div>\n\t\t\t\t<\/div>\n\t\t\t\t\t<\/div>\n\t\t<\/div>\n\t\t\t\t\t\t\t<\/div>\n\t\t<\/section>\n\t\t\t\t<section class=\"elementor-section elementor-top-section elementor-element elementor-element-0ea6506 elementor-section-boxed elementor-section-height-default elementor-section-height-default\" data-id=\"0ea6506\" data-element_type=\"section\">\n\t\t\t\t\t\t<div class=\"elementor-container elementor-column-gap-default\">\n\t\t\t\t\t<div class=\"elementor-column elementor-col-25 elementor-top-column elementor-element elementor-element-4cd7eaa\" data-id=\"4cd7eaa\" data-element_type=\"column\">\n\t\t\t<div class=\"elementor-widget-wrap elementor-element-populated\">\n\t\t\t\t\t\t\t\t<div class=\"elementor-element elementor-element-6079ffb elementor-widget elementor-widget-image\" data-id=\"6079ffb\" data-element_type=\"widget\" data-widget_type=\"image.default\">\n\t\t\t\t<div class=\"elementor-widget-container\">\n\t\t\t\t\t\t\t\t\t\t\t\t\t\t\t<img loading=\"lazy\" decoding=\"async\" width=\"800\" height=\"1067\" src=\"https:\/\/farmaciacarrermajor.es\/wp-content\/uploads\/2023\/02\/carla.jpg\" class=\"attachment-full size-full wp-image-8677\" alt=\"\" srcset=\"https:\/\/farmaciacarrermajor.es\/wp-content\/uploads\/2023\/02\/carla.jpg 800w, https:\/\/farmaciacarrermajor.es\/wp-content\/uploads\/2023\/02\/carla-225x300.jpg 225w, https:\/\/farmaciacarrermajor.es\/wp-content\/uploads\/2023\/02\/carla-768x1024.jpg 768w, https:\/\/farmaciacarrermajor.es\/wp-content\/uploads\/2023\/02\/carla-700x934.jpg 700w\" sizes=\"auto, (max-width: 800px) 100vw, 800px\" \/>\t\t\t\t\t\t\t\t\t\t\t\t\t\t\t<\/div>\n\t\t\t\t<\/div>\n\t\t\t\t<div class=\"elementor-element elementor-element-168af57 elementor-widget elementor-widget-text-editor\" data-id=\"168af57\" data-element_type=\"widget\" data-widget_type=\"text-editor.default\">\n\t\t\t\t<div class=\"elementor-widget-container\">\n\t\t\t        <div class=\"elementor-text-editor elementor-clearfix\"><h4>Carla<\/h4><strong>Farmac\u00e9utica y Nutricionista.<\/strong><br>\nSu pasi\u00f3n por la nutrici\u00f3n le hizo especializarse en Nutrici\u00f3n personalizada y\nComunitaria, M\u00e1ster impartido por la UV.<br>Responsable del servicio de nutrici\u00f3n, estar\u00e1 encantada de ayudaros a\nconseguir vuestros objetivos. Un terremoto por donde pasa, ya sea en el mostrador o en las redes sociales.<\/div>\n        \t\t<\/div>\n\t\t\t\t<\/div>\n\t\t\t\t\t<\/div>\n\t\t<\/div>\n\t\t\t\t<div class=\"elementor-column elementor-col-25 elementor-top-column elementor-element elementor-element-6248620\" data-id=\"6248620\" data-element_type=\"column\">\n\t\t\t<div class=\"elementor-widget-wrap elementor-element-populated\">\n\t\t\t\t\t\t\t\t<div class=\"elementor-element elementor-element-172db4a elementor-widget elementor-widget-image\" data-id=\"172db4a\" data-element_type=\"widget\" data-widget_type=\"image.default\">\n\t\t\t\t<div class=\"elementor-widget-container\">\n\t\t\t\t\t\t\t\t\t\t\t\t\t\t\t<img loading=\"lazy\" decoding=\"async\" width=\"800\" height=\"1067\" src=\"https:\/\/farmaciacarrermajor.es\/wp-content\/uploads\/2023\/02\/cristina_.jpg\" class=\"attachment-full size-full wp-image-8679\" alt=\"\" srcset=\"https:\/\/farmaciacarrermajor.es\/wp-content\/uploads\/2023\/02\/cristina_.jpg 800w, https:\/\/farmaciacarrermajor.es\/wp-content\/uploads\/2023\/02\/cristina_-225x300.jpg 225w, https:\/\/farmaciacarrermajor.es\/wp-content\/uploads\/2023\/02\/cristina_-768x1024.jpg 768w, https:\/\/farmaciacarrermajor.es\/wp-content\/uploads\/2023\/02\/cristina_-700x934.jpg 700w\" sizes=\"auto, (max-width: 800px) 100vw, 800px\" \/>\t\t\t\t\t\t\t\t\t\t\t\t\t\t\t<\/div>\n\t\t\t\t<\/div>\n\t\t\t\t<div class=\"elementor-element elementor-element-7b5d161 elementor-widget elementor-widget-text-editor\" data-id=\"7b5d161\" data-element_type=\"widget\" data-widget_type=\"text-editor.default\">\n\t\t\t\t<div class=\"elementor-widget-container\">\n\t\t\t        <div class=\"elementor-text-editor elementor-clearfix\"><h4>Cristina<\/h4>\n<strong>Farmac\u00e9utica adjunta.<\/strong><br>\nCristina es farmac\u00e9utica adjunta con m\u00e1s de 20 a\u00f1os de experiencia. Especializada en dermofarmacia te dar\u00e1\nconsejos de c\u00f3mo cuidar mejor tu piel para que luzca sana y radiante. Con M\u00e1ster en Gesti\u00f3n Eficaz en Oficina de\nFarmacia, es una persona muy eficiente, minuciosa y solucionadora de problemas.<\/div>\n        \t\t<\/div>\n\t\t\t\t<\/div>\n\t\t\t\t\t<\/div>\n\t\t<\/div>\n\t\t\t\t<div class=\"elementor-column elementor-col-25 elementor-top-column elementor-element elementor-element-091caf4\" data-id=\"091caf4\" data-element_type=\"column\">\n\t\t\t<div class=\"elementor-widget-wrap elementor-element-populated\">\n\t\t\t\t\t\t\t\t<div class=\"elementor-element elementor-element-62f45dc elementor-widget elementor-widget-image\" data-id=\"62f45dc\" data-element_type=\"widget\" data-widget_type=\"image.default\">\n\t\t\t\t<div class=\"elementor-widget-container\">\n\t\t\t\t\t\t\t\t\t\t\t\t\t\t\t<img loading=\"lazy\" decoding=\"async\" width=\"800\" height=\"1067\" src=\"https:\/\/farmaciacarrermajor.es\/wp-content\/uploads\/2023\/02\/iris_.jpg\" class=\"attachment-full size-full wp-image-8680\" alt=\"\" srcset=\"https:\/\/farmaciacarrermajor.es\/wp-content\/uploads\/2023\/02\/iris_.jpg 800w, https:\/\/farmaciacarrermajor.es\/wp-content\/uploads\/2023\/02\/iris_-225x300.jpg 225w, https:\/\/farmaciacarrermajor.es\/wp-content\/uploads\/2023\/02\/iris_-768x1024.jpg 768w, https:\/\/farmaciacarrermajor.es\/wp-content\/uploads\/2023\/02\/iris_-700x934.jpg 700w\" sizes=\"auto, (max-width: 800px) 100vw, 800px\" \/>\t\t\t\t\t\t\t\t\t\t\t\t\t\t\t<\/div>\n\t\t\t\t<\/div>\n\t\t\t\t<div class=\"elementor-element elementor-element-b69a73b elementor-widget elementor-widget-text-editor\" data-id=\"b69a73b\" data-element_type=\"widget\" data-widget_type=\"text-editor.default\">\n\t\t\t\t<div class=\"elementor-widget-container\">\n\t\t\t        <div class=\"elementor-text-editor elementor-clearfix\"><h4>Iris March\u00e1n<\/h4>\n<strong>T\u00e9cnico en farmacia.<\/strong><br>\nIris, t\u00e9cnico en farmacia, es nuestra \u00faltima incorporaci\u00f3n, a pesar de ser la m\u00e1s joven su trato es excelente. Amable y\ndulce, te escuchar\u00e1 para ayudarte con tus necesidades de salud.<\/div>\n        \t\t<\/div>\n\t\t\t\t<\/div>\n\t\t\t\t\t<\/div>\n\t\t<\/div>\n\t\t\t\t<div class=\"elementor-column elementor-col-25 elementor-top-column elementor-element elementor-element-a2f155b\" data-id=\"a2f155b\" data-element_type=\"column\">\n\t\t\t<div class=\"elementor-widget-wrap elementor-element-populated\">\n\t\t\t\t\t\t\t\t<div class=\"elementor-element elementor-element-f95d569 elementor-widget elementor-widget-image\" data-id=\"f95d569\" data-element_type=\"widget\" data-widget_type=\"image.default\">\n\t\t\t\t<div class=\"elementor-widget-container\">\n\t\t\t\t\t\t\t\t\t\t\t\t\t\t\t<img loading=\"lazy\" decoding=\"async\" width=\"800\" height=\"1067\" src=\"https:\/\/farmaciacarrermajor.es\/wp-content\/uploads\/2023\/02\/anab.jpg\" class=\"attachment-full size-full wp-image-8682\" alt=\"\" srcset=\"https:\/\/farmaciacarrermajor.es\/wp-content\/uploads\/2023\/02\/anab.jpg 800w, https:\/\/farmaciacarrermajor.es\/wp-content\/uploads\/2023\/02\/anab-225x300.jpg 225w, https:\/\/farmaciacarrermajor.es\/wp-content\/uploads\/2023\/02\/anab-768x1024.jpg 768w, https:\/\/farmaciacarrermajor.es\/wp-content\/uploads\/2023\/02\/anab-700x934.jpg 700w\" sizes=\"auto, (max-width: 800px) 100vw, 800px\" \/>\t\t\t\t\t\t\t\t\t\t\t\t\t\t\t<\/div>\n\t\t\t\t<\/div>\n\t\t\t\t<div class=\"elementor-element elementor-element-c398bf3 elementor-widget elementor-widget-text-editor\" data-id=\"c398bf3\" data-element_type=\"widget\" data-widget_type=\"text-editor.default\">\n\t\t\t\t<div class=\"elementor-widget-container\">\n\t\t\t        <div class=\"elementor-text-editor elementor-clearfix\"><h4>Anabella<\/h4>\nNo la ver\u00e9is en el mostrador, pero de puertas hacia dentro es indispensable en el mantenimiento y aseo de la oficina\nde farmacia, nos lo mantiene todo como los chorros del oro. Su forma de ser y su buen hacer hace que sea\nirremplazable.<\/div>\n        \t\t<\/div>\n\t\t\t\t<\/div>\n\t\t\t\t\t<\/div>\n\t\t<\/div>\n\t\t\t\t\t\t\t<\/div>\n\t\t<\/section>\n\t\t\t\t\t\t\t<\/div>\n\t\t","protected":false},"excerpt":{"rendered":"<p>Santiago Farmac\u00e9utico titular. Santiago es farmac\u00e9utico titular de la Farmacia Carrer Major. Doctor en Farmacia y especialista en Ortopedia. M\u00e1ster en Atenci\u00f3n Farmac\u00e9utica y Farmacia Asistencial y Diplomado en Sanidad y Salud P\u00fablica. Una fuente de sabidur\u00eda en toda regla que sin duda sabr\u00e1 solucionar tus problemas de salud. Publicaciones: Puchol Engu\u00eddanos SV, Sanahuja Santaf\u00e9 &hellip; <\/p>\n<p class=\"more-link-wrap\"><a href=\"https:\/\/farmaciacarrermajor.es\/index.php\/equipo\/\" class=\"more-link\"><i class=\"opal-icon-plus\" aria-hidden=\"true\"><\/i><span>Read More<span class=\"screen-reader-text\"> \u00abEQUIPO\u00bb<\/span><\/span><\/a><\/p>\n","protected":false},"author":1,"featured_media":0,"parent":0,"menu_order":0,"comment_status":"closed","ping_status":"closed","template":"","meta":{"inline_featured_image":false,"footnotes":""},"class_list":["post-8650","page","type-page","status-publish","hentry"],"_links":{"self":[{"href":"https:\/\/farmaciacarrermajor.es\/index.php\/wp-json\/wp\/v2\/pages\/8650","targetHints":{"allow":["GET"]}}],"collection":[{"href":"https:\/\/farmaciacarrermajor.es\/index.php\/wp-json\/wp\/v2\/pages"}],"about":[{"href":"https:\/\/farmaciacarrermajor.es\/index.php\/wp-json\/wp\/v2\/types\/page"}],"author":[{"embeddable":true,"href":"https:\/\/farmaciacarrermajor.es\/index.php\/wp-json\/wp\/v2\/users\/1"}],"replies":[{"embeddable":true,"href":"https:\/\/farmaciacarrermajor.es\/index.php\/wp-json\/wp\/v2\/comments?post=8650"}],"version-history":[{"count":19,"href":"https:\/\/farmaciacarrermajor.es\/index.php\/wp-json\/wp\/v2\/pages\/8650\/revisions"}],"predecessor-version":[{"id":9170,"href":"https:\/\/farmaciacarrermajor.es\/index.php\/wp-json\/wp\/v2\/pages\/8650\/revisions\/9170"}],"wp:attachment":[{"href":"https:\/\/farmaciacarrermajor.es\/index.php\/wp-json\/wp\/v2\/media?parent=8650"}],"curies":[{"name":"wp","href":"https:\/\/api.w.org\/{rel}","templated":true}]}}