{"id":9123,"date":"2025-03-11T12:17:16","date_gmt":"2025-03-11T12:17:16","guid":{"rendered":"https:\/\/farmaciacarrermajor.es\/?page_id=9123"},"modified":"2026-03-21T17:42:16","modified_gmt":"2026-03-21T17:42:16","slug":"aviso-legal","status":"publish","type":"page","link":"https:\/\/farmaciacarrermajor.es\/index.php\/aviso-legal\/","title":{"rendered":"AVISO LEGAL"},"content":{"rendered":"\t\t<div data-elementor-type=\"wp-page\" data-elementor-id=\"9123\" class=\"elementor elementor-9123\">\n\t\t\t\t\t\t\t\t\t<section class=\"elementor-section elementor-top-section elementor-element elementor-element-793649d elementor-section-boxed elementor-section-height-default elementor-section-height-default\" data-id=\"793649d\" data-element_type=\"section\">\n\t\t\t\t\t\t<div class=\"elementor-container elementor-column-gap-default\">\n\t\t\t\t\t<div class=\"elementor-column elementor-col-100 elementor-top-column elementor-element elementor-element-166cd66\" data-id=\"166cd66\" data-element_type=\"column\">\n\t\t\t<div class=\"elementor-widget-wrap elementor-element-populated\">\n\t\t\t\t\t\t\t\t<div class=\"elementor-element elementor-element-dbe6cf4 elementor-widget elementor-widget-text-editor\" data-id=\"dbe6cf4\" data-element_type=\"widget\" data-widget_type=\"text-editor.default\">\n\t\t\t\t<div class=\"elementor-widget-container\">\n\t\t\t<style>\/*! elementor - v3.12.1 - 02-04-2023 *\/\n.elementor-widget-text-editor.elementor-drop-cap-view-stacked .elementor-drop-cap{background-color:#69727d;color:#fff}.elementor-widget-text-editor.elementor-drop-cap-view-framed .elementor-drop-cap{color:#69727d;border:3px solid;background-color:transparent}.elementor-widget-text-editor:not(.elementor-drop-cap-view-default) .elementor-drop-cap{margin-top:8px}.elementor-widget-text-editor:not(.elementor-drop-cap-view-default) .elementor-drop-cap-letter{width:1em;height:1em}.elementor-widget-text-editor .elementor-drop-cap{float:left;text-align:center;line-height:1;font-size:50px}.elementor-widget-text-editor .elementor-drop-cap-letter{display:inline-block}<\/style>        <div class=\"elementor-text-editor elementor-clearfix\"><div class=\"aviso-legal\" style=\"max-width:900px;margin:auto;line-height:1.7;color:#333;\">\n\n<h1 style=\"margin-bottom:30px;\">Aviso Legal<\/h1>\n\n<h2>PRIMERA.- Titular de la web<\/h2>\n<p>\nEl presente portal web pertenece a <strong>SANTIAGO PUCHOL ENGU\u00cdDANOS<\/strong>, con CIF 73762297D, y con domicilio social a efectos de dar cumplimiento al art. 10 de la Ley de los Servicios de la Sociedad de la Informaci\u00f3n y Comercio Electr\u00f3nico, en C\/ Mayor, n.\u00ba 63, bajo, CP 46960 de Aldaia (Valencia).\n<\/p>\n\n<h2>SEGUNDA.- Objeto de la web<\/h2>\n<p>\nSANTIAGO PUCHOL ENGU\u00cdDANOS pone a disposici\u00f3n del p\u00fablico (en adelante usuario), que acceda a <strong>www.farmaciacarrermajor.es<\/strong> (en adelante WEB), informaci\u00f3n y datos (en adelante CONTENIDOS y\/o SERVICIOS), mediante una web de car\u00e1cter informativa.\n<\/p>\n\n<p>\nLos contenidos de la web son proporcionados y creados por la propia empresa.\n<\/p>\n\n<p>\nPor la naturaleza propia de la web, es posible que se modifiquen o incluyan cambios en el contenido de las presentes Condiciones, por lo que cualquier usuario queda obligado a acceder a las presentes Condiciones cada vez que acceda al Sitio Web.\n<\/p>\n\n<h2>TERCERA.- Acceso a la web<\/h2>\n\n<p>\nEl acceso a la web no requiere el registro previo de los usuarios. No obstante, para consultar determinados contenidos del Sitio Web as\u00ed como recibir boletines de noticias, ser\u00e1 necesario el registro del Usuario utilizando el procedimiento oportuno.\n<\/p>\n\n<p>\nEn cualquier caso, los datos introducidos por el Usuario durante el proceso de registro deber\u00e1n ser exactos, actuales y veraces.\n<\/p>\n\n<h2>CUARTA.- Utilizaci\u00f3n correcta de los servicios<\/h2>\n\n<p>El usuario se obliga a usar los Servicios de forma diligente, correcta y l\u00edcita y queda prohibido:<\/p>\n\n<ul>\n<li>Utilizar los Servicios con fines contrarios a la ley, la moral o el orden p\u00fablico.<\/li>\n<li>Reproducir, distribuir o modificar los Servicios sin autorizaci\u00f3n del titular.<\/li>\n<li>Vulnerar derechos de propiedad intelectual o industrial.<\/li>\n<li>Utilizar la informaci\u00f3n obtenida para enviar publicidad o spam.<\/li>\n<\/ul>\n\n<p>\nEl usuario responder\u00e1 de los da\u00f1os y perjuicios que SANTIAGO PUCHOL ENGU\u00cdDANOS pueda sufrir por incumplimiento de estas obligaciones.\n<\/p>\n\n<p>\nLos menores deber\u00e1n utilizar la Web bajo supervisi\u00f3n de sus representantes legales.\n<\/p>\n\n<h2>QUINTA.- Reglas de conducta<\/h2>\n\n<ul>\n<li>No hacerse pasar por otra persona u organizaci\u00f3n.<\/li>\n<li>No utilizar lenguaje ofensivo o amenazante.<\/li>\n<li>Prohibido realizar acciones de marketing o spam.<\/li>\n<\/ul>\n\n<h2>SEXTA.- Derechos de propiedad<\/h2>\n\n<p>\nTodos los contenidos del Sitio Web (textos, im\u00e1genes, dise\u00f1o, c\u00f3digo fuente, etc.) son propiedad exclusiva de SANTIAGO PUCHOL ENGU\u00cdDANOS o de terceros autorizados y est\u00e1n protegidos por la legislaci\u00f3n vigente.\n<\/p>\n\n<h2>S\u00c9PTIMA.- Exclusi\u00f3n de garant\u00edas y responsabilidad<\/h2>\n\n<p>\nSANTIAGO PUCHOL ENGU\u00cdDANOS no garantiza la disponibilidad permanente del sitio web ni asume responsabilidad por da\u00f1os derivados del uso del mismo o por fallos t\u00e9cnicos, virus o accesos a contenidos de terceros.\n<\/p>\n\n<h2>OCTAVA.- Enlaces a otros sitios web<\/h2>\n\n<p>\nEl sitio puede contener enlaces a p\u00e1ginas externas. SANTIAGO PUCHOL ENGU\u00cdDANOS no asume responsabilidad sobre la legalidad o contenido de dichos sitios.\n<\/p>\n\n<h2>NOVENA.- Tratamiento de datos y cookies<\/h2>\n\n<p>\nDe acuerdo con la normativa vigente en protecci\u00f3n de datos (LOPDGDD y RGPD), los datos facilitados ser\u00e1n tratados conforme a la Pol\u00edtica de Privacidad del sitio.\n<\/p>\n\n<p>\nLos usuarios pueden ejercer sus derechos de acceso, rectificaci\u00f3n, supresi\u00f3n, oposici\u00f3n, limitaci\u00f3n y portabilidad enviando un correo a:\n<strong>info@farmaciacarrermajor.com<\/strong>\n<\/p>\n\n<h2>D\u00c9CIMA.- Ley aplicable y jurisdicci\u00f3n<\/h2>\n\n<p>\nLa legislaci\u00f3n aplicable ser\u00e1 la espa\u00f1ola. Para cualquier controversia, las partes se someten a los Juzgados y Tribunales de Valencia.\n<\/p>\n\n<\/div><\/div>\n        \t\t<\/div>\n\t\t\t\t<\/div>\n\t\t\t\t\t<\/div>\n\t\t<\/div>\n\t\t\t\t\t\t\t<\/div>\n\t\t<\/section>\n\t\t\t\t\t\t\t<\/div>\n\t\t","protected":false},"excerpt":{"rendered":"<p>Aviso Legal PRIMERA.- Titular de la web El presente portal web pertenece a SANTIAGO PUCHOL ENGU\u00cdDANOS, con CIF 73762297D, y con domicilio social a efectos de dar cumplimiento al art. 10 de la Ley de los Servicios de la Sociedad de la Informaci\u00f3n y Comercio Electr\u00f3nico, en C\/ Mayor, n.\u00ba 63, bajo, CP 46960 de &hellip; <\/p>\n<p class=\"more-link-wrap\"><a href=\"https:\/\/farmaciacarrermajor.es\/index.php\/aviso-legal\/\" class=\"more-link\"><i class=\"opal-icon-plus\" aria-hidden=\"true\"><\/i><span>Read More<span class=\"screen-reader-text\"> \u00abAVISO LEGAL\u00bb<\/span><\/span><\/a><\/p>\n","protected":false},"author":1,"featured_media":0,"parent":0,"menu_order":0,"comment_status":"closed","ping_status":"closed","template":"","meta":{"inline_featured_image":false,"footnotes":""},"class_list":["post-9123","page","type-page","status-publish","hentry"],"_links":{"self":[{"href":"https:\/\/farmaciacarrermajor.es\/index.php\/wp-json\/wp\/v2\/pages\/9123","targetHints":{"allow":["GET"]}}],"collection":[{"href":"https:\/\/farmaciacarrermajor.es\/index.php\/wp-json\/wp\/v2\/pages"}],"about":[{"href":"https:\/\/farmaciacarrermajor.es\/index.php\/wp-json\/wp\/v2\/types\/page"}],"author":[{"embeddable":true,"href":"https:\/\/farmaciacarrermajor.es\/index.php\/wp-json\/wp\/v2\/users\/1"}],"replies":[{"embeddable":true,"href":"https:\/\/farmaciacarrermajor.es\/index.php\/wp-json\/wp\/v2\/comments?post=9123"}],"version-history":[{"count":9,"href":"https:\/\/farmaciacarrermajor.es\/index.php\/wp-json\/wp\/v2\/pages\/9123\/revisions"}],"predecessor-version":[{"id":9183,"href":"https:\/\/farmaciacarrermajor.es\/index.php\/wp-json\/wp\/v2\/pages\/9123\/revisions\/9183"}],"wp:attachment":[{"href":"https:\/\/farmaciacarrermajor.es\/index.php\/wp-json\/wp\/v2\/media?parent=9123"}],"curies":[{"name":"wp","href":"https:\/\/api.w.org\/{rel}","templated":true}]}}