{"id":9128,"date":"2025-03-11T12:30:51","date_gmt":"2025-03-11T12:30:51","guid":{"rendered":"https:\/\/farmaciacarrermajor.es\/?page_id=9128"},"modified":"2026-03-21T17:42:14","modified_gmt":"2026-03-21T17:42:14","slug":"politica-de-privacidad","status":"publish","type":"page","link":"https:\/\/farmaciacarrermajor.es\/index.php\/politica-de-privacidad\/","title":{"rendered":"POL\u00cdTICA DE PRIVACIDAD"},"content":{"rendered":"\t\t<div data-elementor-type=\"wp-page\" data-elementor-id=\"9128\" class=\"elementor elementor-9128\">\n\t\t\t\t\t\t\t\t\t<section class=\"elementor-section elementor-top-section elementor-element elementor-element-793649d elementor-section-boxed elementor-section-height-default elementor-section-height-default\" data-id=\"793649d\" data-element_type=\"section\">\n\t\t\t\t\t\t<div class=\"elementor-container elementor-column-gap-default\">\n\t\t\t\t\t<div class=\"elementor-column elementor-col-100 elementor-top-column elementor-element elementor-element-166cd66\" data-id=\"166cd66\" data-element_type=\"column\">\n\t\t\t<div class=\"elementor-widget-wrap elementor-element-populated\">\n\t\t\t\t\t\t\t\t<div class=\"elementor-element elementor-element-dbe6cf4 elementor-widget elementor-widget-text-editor\" data-id=\"dbe6cf4\" data-element_type=\"widget\" data-widget_type=\"text-editor.default\">\n\t\t\t\t<div class=\"elementor-widget-container\">\n\t\t\t<style>\/*! elementor - v3.12.1 - 02-04-2023 *\/\n.elementor-widget-text-editor.elementor-drop-cap-view-stacked .elementor-drop-cap{background-color:#69727d;color:#fff}.elementor-widget-text-editor.elementor-drop-cap-view-framed .elementor-drop-cap{color:#69727d;border:3px solid;background-color:transparent}.elementor-widget-text-editor:not(.elementor-drop-cap-view-default) .elementor-drop-cap{margin-top:8px}.elementor-widget-text-editor:not(.elementor-drop-cap-view-default) .elementor-drop-cap-letter{width:1em;height:1em}.elementor-widget-text-editor .elementor-drop-cap{float:left;text-align:center;line-height:1;font-size:50px}.elementor-widget-text-editor .elementor-drop-cap-letter{display:inline-block}<\/style>        <div class=\"elementor-text-editor elementor-clearfix\"><div class=\"politica-privacidad\" style=\"max-width:900px;margin:auto;line-height:1.7;color:#333;\">\n\n<h1 style=\"margin-bottom:30px;\">Pol\u00edtica de Privacidad<\/h1>\n\n<p>\nLa presente Pol\u00edtica de Privacidad refleja el compromiso de <strong>SANTIAGO PUCHOL ENGU\u00cdDANOS<\/strong> con la protecci\u00f3n y gesti\u00f3n segura de los datos personales obtenidos a trav\u00e9s de esta web <strong>www.farmaciacarrermajor.es<\/strong>, garantizando la privacidad de los usuarios y clientes.\n<\/p>\n\n<p>\nEs imprescindible que lea y acepte esta pol\u00edtica antes de enviarnos informaci\u00f3n de cualquier tipo.\n<\/p>\n\n<h2>Responsable del tratamiento<\/h2>\n\n<ul>\n<li><strong>Raz\u00f3n social:<\/strong> SANTIAGO PUCHOL ENGU\u00cdDANOS<\/li>\n<li><strong>CIF:<\/strong> 73762297D<\/li>\n<li><strong>Direcci\u00f3n:<\/strong> C\/ Mayor, n.\u00ba 63, bajo, CP 46960 Aldaia (Valencia)<\/li>\n<li><strong>Email:<\/strong> info@farmaciacarrermajor.com<\/li>\n<\/ul>\n\n<h2>Finalidad del tratamiento<\/h2>\n\n<p>Los datos personales facilitados ser\u00e1n tratados con las siguientes finalidades:<\/p>\n\n<ul>\n<li>Responder a solicitudes de informaci\u00f3n realizadas mediante formularios o correo electr\u00f3nico.<\/li>\n<li>Informar sobre servicios, actividades, eventos o comunicaciones relacionadas con la actividad profesional.<\/li>\n<li>Realizar encuestas y estudios estad\u00edsticos para mejorar los servicios ofrecidos.<\/li>\n<\/ul>\n\n<h2>Plazo de conservaci\u00f3n<\/h2>\n\n<p>\nLos datos ser\u00e1n conservados durante el tiempo necesario para atender la solicitud realizada y cumplir con las obligaciones legales correspondientes.\n<\/p>\n\n<h2>Legitimaci\u00f3n<\/h2>\n\n<p>\nLa base legal del tratamiento es el consentimiento del interesado y la aplicaci\u00f3n de medidas precontractuales solicitadas.\n<\/p>\n\n<p>\nEn caso de contrataci\u00f3n de servicios, la legitimaci\u00f3n se basar\u00e1 tambi\u00e9n en la ejecuci\u00f3n contractual y el inter\u00e9s leg\u00edtimo del responsable.\n<\/p>\n\n<h2>Destinatarios<\/h2>\n\n<p>\nLos datos no ser\u00e1n comunicados a terceros salvo obligaci\u00f3n legal o consentimiento previo del interesado.\n<\/p>\n\n<p>\nDelegado de Protecci\u00f3n de Datos:\n<strong>CONSULTOR\u00cdA DE NUEVAS LEYES Y TECNOLOG\u00cdA, S.L.<\/strong>\nEmail: dpo@leynetconsultores.com\n<\/p>\n\n<h2>Derechos del interesado<\/h2>\n\n<p>El usuario podr\u00e1 ejercer los siguientes derechos:<\/p>\n\n<ul>\n<li>Acceso a sus datos personales.<\/li>\n<li>Rectificaci\u00f3n de datos inexactos.<\/li>\n<li>Supresi\u00f3n cuando los datos ya no sean necesarios.<\/li>\n<li>Limitaci\u00f3n del tratamiento.<\/li>\n<li>Oposici\u00f3n al tratamiento.<\/li>\n<li>Portabilidad de los datos.<\/li>\n<li>Retirada del consentimiento en cualquier momento.<\/li>\n<\/ul>\n\n<p>\nPuede ejercer estos derechos mediante escrito dirigido a:\n<\/p>\n\n<p>\n<strong>SANTIAGO PUCHOL ENGU\u00cdDANOS<\/strong><br>\nC\/ Mayor, n.\u00ba 63, bajo<br>\n46960 Aldaia (Valencia)\n<\/p>\n\n<p>\nO enviando un email a:\n<strong>info@farmaciacarrermajor.com<\/strong>\n<\/p>\n\n<p>\nAsimismo, puede presentar reclamaci\u00f3n ante la Agencia Espa\u00f1ola de Protecci\u00f3n de Datos.\n<\/p>\n\n<h2>Medidas de seguridad<\/h2>\n\n<p>\nEl responsable garantiza haber adoptado las medidas t\u00e9cnicas y organizativas necesarias conforme al RGPD y la LOPDGDD para garantizar la seguridad de los datos personales.\n<\/p>\n\n<h2>Informaci\u00f3n sobre cookies<\/h2>\n\n<p>\nDurante la navegaci\u00f3n pueden utilizarse cookies t\u00e9cnicas y anal\u00edticas que permiten obtener informaci\u00f3n estad\u00edstica sobre el uso de la web.\n<\/p>\n\n<p>\nPara m\u00e1s informaci\u00f3n consulte la Pol\u00edtica de Cookies.\n<\/p>\n\n<h2>Modificaciones de la pol\u00edtica<\/h2>\n\n<p>\nLa presente pol\u00edtica podr\u00e1 actualizarse por cambios legales o mejoras en los servicios ofrecidos.\n<\/p>\n\n<p>\nSe recomienda revisarla peri\u00f3dicamente.\n<\/p>\n\n<\/div><\/div>\n        \t\t<\/div>\n\t\t\t\t<\/div>\n\t\t\t\t\t<\/div>\n\t\t<\/div>\n\t\t\t\t\t\t\t<\/div>\n\t\t<\/section>\n\t\t\t\t\t\t\t<\/div>\n\t\t","protected":false},"excerpt":{"rendered":"<p>Pol\u00edtica de Privacidad La presente Pol\u00edtica de Privacidad refleja el compromiso de SANTIAGO PUCHOL ENGU\u00cdDANOS con la protecci\u00f3n y gesti\u00f3n segura de los datos personales obtenidos a trav\u00e9s de esta web www.farmaciacarrermajor.es, garantizando la privacidad de los usuarios y clientes. Es imprescindible que lea y acepte esta pol\u00edtica antes de enviarnos informaci\u00f3n de cualquier tipo. &hellip; <\/p>\n<p class=\"more-link-wrap\"><a href=\"https:\/\/farmaciacarrermajor.es\/index.php\/politica-de-privacidad\/\" class=\"more-link\"><i class=\"opal-icon-plus\" aria-hidden=\"true\"><\/i><span>Read More<span class=\"screen-reader-text\"> \u00abPOL\u00cdTICA DE PRIVACIDAD\u00bb<\/span><\/span><\/a><\/p>\n","protected":false},"author":1,"featured_media":0,"parent":0,"menu_order":0,"comment_status":"closed","ping_status":"closed","template":"","meta":{"inline_featured_image":false,"footnotes":""},"class_list":["post-9128","page","type-page","status-publish","hentry"],"_links":{"self":[{"href":"https:\/\/farmaciacarrermajor.es\/index.php\/wp-json\/wp\/v2\/pages\/9128","targetHints":{"allow":["GET"]}}],"collection":[{"href":"https:\/\/farmaciacarrermajor.es\/index.php\/wp-json\/wp\/v2\/pages"}],"about":[{"href":"https:\/\/farmaciacarrermajor.es\/index.php\/wp-json\/wp\/v2\/types\/page"}],"author":[{"embeddable":true,"href":"https:\/\/farmaciacarrermajor.es\/index.php\/wp-json\/wp\/v2\/users\/1"}],"replies":[{"embeddable":true,"href":"https:\/\/farmaciacarrermajor.es\/index.php\/wp-json\/wp\/v2\/comments?post=9128"}],"version-history":[{"count":8,"href":"https:\/\/farmaciacarrermajor.es\/index.php\/wp-json\/wp\/v2\/pages\/9128\/revisions"}],"predecessor-version":[{"id":9182,"href":"https:\/\/farmaciacarrermajor.es\/index.php\/wp-json\/wp\/v2\/pages\/9128\/revisions\/9182"}],"wp:attachment":[{"href":"https:\/\/farmaciacarrermajor.es\/index.php\/wp-json\/wp\/v2\/media?parent=9128"}],"curies":[{"name":"wp","href":"https:\/\/api.w.org\/{rel}","templated":true}]}}