{"id":9136,"date":"2025-03-11T12:34:18","date_gmt":"2025-03-11T12:34:18","guid":{"rendered":"https:\/\/farmaciacarrermajor.es\/?page_id=9136"},"modified":"2026-03-21T17:43:23","modified_gmt":"2026-03-21T17:43:23","slug":"politica-de-cookies","status":"publish","type":"page","link":"https:\/\/farmaciacarrermajor.es\/index.php\/politica-de-cookies\/","title":{"rendered":"POL\u00cdTICA DE COOKIES"},"content":{"rendered":"\t\t<div data-elementor-type=\"wp-page\" data-elementor-id=\"9136\" class=\"elementor elementor-9136\">\n\t\t\t\t\t\t\t\t\t<section class=\"elementor-section elementor-top-section elementor-element elementor-element-793649d elementor-section-boxed elementor-section-height-default elementor-section-height-default\" data-id=\"793649d\" data-element_type=\"section\">\n\t\t\t\t\t\t<div class=\"elementor-container elementor-column-gap-default\">\n\t\t\t\t\t<div class=\"elementor-column elementor-col-100 elementor-top-column elementor-element elementor-element-166cd66\" data-id=\"166cd66\" data-element_type=\"column\">\n\t\t\t<div class=\"elementor-widget-wrap elementor-element-populated\">\n\t\t\t\t\t\t\t\t<div class=\"elementor-element elementor-element-dbe6cf4 elementor-widget elementor-widget-text-editor\" data-id=\"dbe6cf4\" data-element_type=\"widget\" data-widget_type=\"text-editor.default\">\n\t\t\t\t<div class=\"elementor-widget-container\">\n\t\t\t<style>\/*! elementor - v3.12.1 - 02-04-2023 *\/\n.elementor-widget-text-editor.elementor-drop-cap-view-stacked .elementor-drop-cap{background-color:#69727d;color:#fff}.elementor-widget-text-editor.elementor-drop-cap-view-framed .elementor-drop-cap{color:#69727d;border:3px solid;background-color:transparent}.elementor-widget-text-editor:not(.elementor-drop-cap-view-default) .elementor-drop-cap{margin-top:8px}.elementor-widget-text-editor:not(.elementor-drop-cap-view-default) .elementor-drop-cap-letter{width:1em;height:1em}.elementor-widget-text-editor .elementor-drop-cap{float:left;text-align:center;line-height:1;font-size:50px}.elementor-widget-text-editor .elementor-drop-cap-letter{display:inline-block}<\/style>        <div class=\"elementor-text-editor elementor-clearfix\"><div class=\"politica-cookies\" style=\"max-width:900px;margin:auto;line-height:1.7;color:#333;\">\n\n  <h1 style=\"margin-bottom:30px;\">Pol\u00edtica de Cookies<\/h1>\n\n  <h2>1. \u00bfQu\u00e9 es una cookie?<\/h2>\n  <p>\n    Una <strong>cookie<\/strong> es un peque\u00f1o archivo de texto que un sitio web almacena en el navegador del usuario para facilitar la navegaci\u00f3n y mejorar la experiencia de uso.\n  <\/p>\n\n  <p>\n    Las cookies pueden servir, por ejemplo, para recordar preferencias de navegaci\u00f3n, validar accesos, analizar h\u00e1bitos de uso del sitio web o adaptar el contenido mostrado a los intereses del visitante.\n  <\/p>\n\n  <p>\n    Las cookies pueden ser:\n  <\/p>\n\n  <ul>\n    <li><strong>Cookies de sesi\u00f3n:<\/strong> se eliminan cuando el usuario abandona la p\u00e1gina web.<\/li>\n    <li><strong>Cookies persistentes:<\/strong> permanecen almacenadas en el dispositivo durante un tiempo determinado.<\/li>\n    <li><strong>Cookies propias:<\/strong> gestionadas directamente por el titular de la web.<\/li>\n    <li><strong>Cookies de terceros:<\/strong> enviadas desde un dominio diferente al de la web visitada.<\/li>\n  <\/ul>\n\n  <h2>2. Tipos de cookies utilizadas en la web<\/h2>\n\n  <p>\n    La web <strong>www.farmaciacarrermajor.es<\/strong> puede utilizar, en funci\u00f3n de las actualizaciones o servicios activos en cada momento, los siguientes tipos de cookies:\n  <\/p>\n\n  <ul>\n    <li><strong>Cookies t\u00e9cnicas o necesarias:<\/strong> son imprescindibles para el correcto funcionamiento del sitio web y permiten al usuario navegar y utilizar sus diferentes opciones o servicios.<\/li>\n    <li><strong>Cookies anal\u00edticas:<\/strong> permiten analizar el comportamiento de los usuarios en la web para mejorar contenidos, secciones y servicios.<\/li>\n    <li><strong>Cookies de complementos:<\/strong> utilizadas por herramientas o servicios externos integrados en la web, como reproductores de v\u00eddeo u otros elementos funcionales.<\/li>\n    <li><strong>Cookies de redes sociales:<\/strong> permiten la interacci\u00f3n del usuario con plataformas sociales a trav\u00e9s de su perfil.<\/li>\n  <\/ul>\n\n  <p>\n    La informaci\u00f3n obtenida mediante cookies puede utilizarse con fines estad\u00edsticos y de mejora del servicio. En su caso, estas tecnolog\u00edas permiten adaptar los contenidos a las preferencias del usuario.\n  <\/p>\n\n  <h2>3. Configuraci\u00f3n y desactivaci\u00f3n de cookies<\/h2>\n\n  <p>\n    El usuario puede permitir, bloquear o eliminar las cookies instaladas en su dispositivo mediante la configuraci\u00f3n de las opciones del navegador utilizado.\n  <\/p>\n\n  <p>\n    La desactivaci\u00f3n de algunas cookies puede afectar al correcto funcionamiento de determinadas partes de la web o hacer que la navegaci\u00f3n resulte menos eficiente.\n  <\/p>\n\n  <p>\n    A continuaci\u00f3n, puede consultar informaci\u00f3n sobre c\u00f3mo gestionar las cookies en los navegadores m\u00e1s utilizados:\n  <\/p>\n\n  <ul>\n    <li><strong>Firefox:<\/strong> http:\/\/support.mozilla.org\/es\/kb\/habilitar-y-deshabilitar-cookies-que-los-sitios-web<\/li>\n    <li><strong>Chrome:<\/strong> http:\/\/support.google.com\/chrome\/bin\/answer.py?hl=es&amp;answer=95647<\/li>\n    <li><strong>Internet Explorer:<\/strong> http:\/\/windows.microsoft.com\/es-es\/windows7\/how-to-manage-cookies-in-internet-explorer-9<\/li>\n  <\/ul>\n\n  <h2>4. \u00bfPuedo rechazar o excluir la recepci\u00f3n de cookies?<\/h2>\n\n  <p>\n    S\u00ed. El usuario puede rechazar o excluir la recepci\u00f3n de cookies de varias formas:\n  <\/p>\n\n  <ul>\n    <li>Borrando las cookies almacenadas en su navegador.<\/li>\n    <li>Configurando el navegador para impedir el almacenamiento de todas o algunas cookies en el futuro.<\/li>\n    <li>Gestionando directamente las cookies de terceros desde las p\u00e1ginas de dichos proveedores.<\/li>\n    <li>Utilizando el sistema o plugin de configuraci\u00f3n de cookies disponible en la web para aceptar, rechazar o personalizar su uso seg\u00fan la finalidad.<\/li>\n  <\/ul>\n\n  <p>\n    Debe tener en cuenta que deshabilitar determinadas cookies puede afectar a algunas funcionalidades del sitio web.\n  <\/p>\n\n  <h2>5. M\u00e1s informaci\u00f3n<\/h2>\n\n  <p>\n    Si tiene cualquier duda sobre esta Pol\u00edtica de Cookies, puede ponerse en contacto con nosotros a trav\u00e9s del siguiente correo electr\u00f3nico:\n  <\/p>\n\n  <p>\n    <strong>info@farmaciacarrermajor.com<\/strong>\n  <\/p>\n\n<\/div><\/div>\n        \t\t<\/div>\n\t\t\t\t<\/div>\n\t\t\t\t\t<\/div>\n\t\t<\/div>\n\t\t\t\t\t\t\t<\/div>\n\t\t<\/section>\n\t\t\t\t\t\t\t<\/div>\n\t\t","protected":false},"excerpt":{"rendered":"<p>Pol\u00edtica de Cookies 1. \u00bfQu\u00e9 es una cookie? Una cookie es un peque\u00f1o archivo de texto que un sitio web almacena en el navegador del usuario para facilitar la navegaci\u00f3n y mejorar la experiencia de uso. Las cookies pueden servir, por ejemplo, para recordar preferencias de navegaci\u00f3n, validar accesos, analizar h\u00e1bitos de uso del sitio &hellip; <\/p>\n<p class=\"more-link-wrap\"><a href=\"https:\/\/farmaciacarrermajor.es\/index.php\/politica-de-cookies\/\" class=\"more-link\"><i class=\"opal-icon-plus\" aria-hidden=\"true\"><\/i><span>Read More<span class=\"screen-reader-text\"> \u00abPOL\u00cdTICA DE COOKIES\u00bb<\/span><\/span><\/a><\/p>\n","protected":false},"author":1,"featured_media":0,"parent":0,"menu_order":0,"comment_status":"closed","ping_status":"closed","template":"","meta":{"inline_featured_image":false,"footnotes":""},"class_list":["post-9136","page","type-page","status-publish","hentry"],"_links":{"self":[{"href":"https:\/\/farmaciacarrermajor.es\/index.php\/wp-json\/wp\/v2\/pages\/9136","targetHints":{"allow":["GET"]}}],"collection":[{"href":"https:\/\/farmaciacarrermajor.es\/index.php\/wp-json\/wp\/v2\/pages"}],"about":[{"href":"https:\/\/farmaciacarrermajor.es\/index.php\/wp-json\/wp\/v2\/types\/page"}],"author":[{"embeddable":true,"href":"https:\/\/farmaciacarrermajor.es\/index.php\/wp-json\/wp\/v2\/users\/1"}],"replies":[{"embeddable":true,"href":"https:\/\/farmaciacarrermajor.es\/index.php\/wp-json\/wp\/v2\/comments?post=9136"}],"version-history":[{"count":7,"href":"https:\/\/farmaciacarrermajor.es\/index.php\/wp-json\/wp\/v2\/pages\/9136\/revisions"}],"predecessor-version":[{"id":9186,"href":"https:\/\/farmaciacarrermajor.es\/index.php\/wp-json\/wp\/v2\/pages\/9136\/revisions\/9186"}],"wp:attachment":[{"href":"https:\/\/farmaciacarrermajor.es\/index.php\/wp-json\/wp\/v2\/media?parent=9136"}],"curies":[{"name":"wp","href":"https:\/\/api.w.org\/{rel}","templated":true}]}}